{"id":1445,"date":"2024-08-14T11:20:09","date_gmt":"2024-08-14T15:20:09","guid":{"rendered":"https:\/\/www.evenpro.com\/?page_id=1445"},"modified":"2026-04-14T02:56:13","modified_gmt":"2026-04-14T06:56:13","slug":"borrador-automatico-9","status":"publish","type":"page","link":"https:\/\/www.evenpro.com\/?page_id=1445","title":{"rendered":""},"content":{"rendered":"<div class=\"vce-row-container\" data-vce-boxed-width=\"true\"><div class=\"vce-row vce-row--col-gap-30 vce-row-equal-height vce-row-content--top\" id=\"el-ab9a2d4b\" data-vce-do-apply=\"all el-ab9a2d4b\"><div class=\"vce-row-content\" data-vce-element-content=\"true\"><div class=\"vce-col vce-col--md-auto vce-col--xs-1 vce-col--xs-last vce-col--xs-first vce-col--sm-last vce-col--sm-first vce-col--md-last vce-col--lg-last vce-col--xl-last vce-col--md-first vce-col--lg-first vce-col--xl-first\" id=\"el-17294029\"><div class=\"vce-col-inner\" data-vce-do-apply=\"border margin background  el-17294029\"><div class=\"vce-col-content\" data-vce-element-content=\"true\" data-vce-do-apply=\"padding el-17294029\"><div class=\"vce-text-block\"><div class=\"vce-text-block-wrapper vce\" id=\"el-e608f579\" data-vce-do-apply=\"all el-e608f579\"><h2>&nbsp;<\/h2>\n<h2><span style=\"font-family: 'arial black', sans-serif; font-size: 48pt; color: #ffffff;\">HISTORIA<\/span><\/h2><\/div><\/div><div class=\"vce-text-block\"><div class=\"vce-text-block-wrapper vce\" id=\"el-da840d5d\" data-vce-do-apply=\"all el-da840d5d\"><h2><span style=\"font-family: 'arial black', sans-serif; font-size: 18pt; color: #ffffff;\">HISTORIA<\/span><\/h2><\/div><\/div><\/div><\/div><\/div><\/div><\/div><\/div><div class=\"vce-row-container\"><div class=\"vce-row vce-row--col-gap-30 vce-row-equal-height vce-row-content--top\" data-vce-full-width=\"true\" data-vce-stretch-content=\"true\" id=\"el-900aab8a\" data-vce-do-apply=\"all el-900aab8a\"><div class=\"vce-row-content\" data-vce-element-content=\"true\"><div class=\"vce-col vce-col--md-auto vce-col--xs-1 vce-col--xs-last vce-col--xs-first vce-col--sm-last vce-col--sm-first vce-col--md-first vce-col--lg-first vce-col--xl-first\" id=\"el-77c1d944\"><div class=\"vce-col-inner\" data-vce-do-apply=\"border margin background  el-77c1d944\"><div class=\"vce-col-content\" data-vce-element-content=\"true\" data-vce-do-apply=\"padding el-77c1d944\"><div class=\"vce-text-block\"><div class=\"vce-text-block-wrapper vce\" id=\"el-efd279b1\" data-vce-do-apply=\"all el-efd279b1\"><h3>&nbsp;<\/h3>\n<h3 class=\"x_elementToProof\" style=\"text-align: left; line-height: 1.25;\"><span style=\"font-family: arial, helvetica, sans-serif; font-size: 18pt; color: #ffffff; font-weight: 400; font-style: normal;\">Fundada en 1984 por Santiago Otero como una empresa orientada a la organizaci\u00f3n y producci\u00f3n de espect\u00e1culos.&nbsp;<\/span><\/h3>\n<h3 class=\"x_elementToProof\" style=\"text-align: left; line-height: 1.25;\"><span style=\"font-family: arial, helvetica, sans-serif; font-size: 18pt; color: #ffffff; font-weight: 400; font-style: normal;\">Fundada en 1984 por Santiago Otero como una empresa orientada a la organizaci\u00f3n y producci\u00f3n de espect\u00e1culos.&nbsp;<\/span><\/h3>\n<h3 style=\"text-align: left; line-height: 1.25;\"><span style=\"font-family: arial, helvetica, sans-serif; font-size: 18pt; color: #ffffff; font-weight: 400; font-style: normal;\">Evenpro avanza hacia su consolidaci\u00f3n como la compa\u00f1\u00eda l\u00edder de Am\u00e9rica Latina y el mercado hispano de Estados Unidos en servicios de entretenimiento con presencia en Venezuela, Miami, Argentina, Puerto Rico, Colombia, Brasil, Ecuador, Costa Rica, Panam\u00e1, M\u00e9xico y Rep\u00fablica Dominicana.<\/span><\/h3>\n<h3 class=\"x_elementToProof\" style=\"text-align: left; line-height: 1.25;\"><span style=\"font-family: arial, helvetica, sans-serif; font-size: 18pt; color: #ffffff; font-weight: 400; font-style: normal;\">Los espect\u00e1culos m\u00e1s importantes del pa\u00eds han llevado impreso el sello de Evenpro, una garant\u00eda de \u00e9xito y un alto nivel de calidad. M\u00e1s de 5 mil eventos realizados, avalan ese liderazgo en Venezuela, y reconocimiento m\u00e1s all\u00e1 de sus fronteras; en 2006 ocup\u00f3 el puesto 6 del mundo, seg\u00fan la prestigiosa revista Billboard.<\/span><\/h3><\/div><\/div><\/div><\/div><\/div><div class=\"vce-col vce-col--md-auto vce-col--xs-1 vce-col--xs-last vce-col--xs-first vce-col--sm-last vce-col--sm-first vce-col--md-last vce-col--lg-last vce-col--xl-last\" id=\"el-72010505\"><div class=\"vce-col-inner\" data-vce-do-apply=\"border margin background  el-72010505\"><div class=\"vce-col-content\" data-vce-element-content=\"true\" data-vce-do-apply=\"padding el-72010505\"><div class=\"vce-single-image-container vce-single-image--align-left\"><div class=\"vce vce-single-image-wrapper\" id=\"el-265f38a3\" data-vce-do-apply=\"all el-265f38a3\"><figure><div class=\"vce-single-image-figure-inner\" style=\"width: 1024px;\"><div class=\"vce-single-image-inner vce-single-image--absolute\" style=\"width: 100%; padding-bottom: 66.8945%;\"><img loading=\"lazy\" decoding=\"async\" class=\"vce-single-image\"  width=\"1024\" height=\"685\" srcset=\"https:\/\/www.evenpro.com\/wp-content\/uploads\/2024\/08\/Diseno-sin-titulo-1-1024x686.png 1024w, https:\/\/www.evenpro.com\/wp-content\/uploads\/2024\/08\/Diseno-sin-titulo-1-320x214.png 320w, https:\/\/www.evenpro.com\/wp-content\/uploads\/2024\/08\/Diseno-sin-titulo-1-480x321.png 480w, https:\/\/www.evenpro.com\/wp-content\/uploads\/2024\/08\/Diseno-sin-titulo-1-800x536.png 800w, https:\/\/www.evenpro.com\/wp-content\/uploads\/2026\/04\/Diseno-sin-titulo-1-2048x1370.png 2x\" src=\"https:\/\/www.evenpro.com\/wp-content\/uploads\/2024\/08\/Diseno-sin-titulo-1-1024x686.png\" data-img-src=\"https:\/\/www.evenpro.com\/wp-content\/uploads\/2024\/08\/Diseno-sin-titulo-1.png\" data-attachment-id=\"1690\"  alt=\"\" title=\"Dise\u00f1o sin t\u00edtulo (1)\" \/><\/div><\/div><figcaption hidden=\"\"><\/figcaption><\/figure><\/div><\/div><\/div><\/div><\/div><\/div><\/div><\/div><div class=\"vce-row-container\"><div class=\"vce-row vce-row--col-gap-30 vce-row-equal-height vce-row-content--top\" data-vce-full-width=\"true\" data-vce-stretch-content=\"true\" id=\"el-bb50fd8a\" data-vce-do-apply=\"all el-bb50fd8a\"><div class=\"vce-row-content\" data-vce-element-content=\"true\"><div class=\"vce-col vce-col--md-auto vce-col--xs-1 vce-col--xs-last vce-col--xs-first vce-col--sm-last vce-col--sm-first vce-col--md-last vce-col--lg-last vce-col--xl-last vce-col--md-first vce-col--lg-first vce-col--xl-first\" id=\"el-96484b1c\"><div class=\"vce-col-inner\" data-vce-do-apply=\"border margin background  el-96484b1c\"><div class=\"vce-col-content\" data-vce-element-content=\"true\" data-vce-do-apply=\"padding el-96484b1c\"><div class=\"vce-text-block\"><div class=\"vce-text-block-wrapper vce\" id=\"el-52fcb6a4\" data-vce-do-apply=\"all el-52fcb6a4\"><p style=\"text-align: center;\"><span style=\"font-family: 'arial black', sans-serif; font-size: 24pt; color: #ffffff;\">GALER\u00cdA<\/span><\/p><\/div><\/div><div class=\"vce-text-block\"><div class=\"vce-text-block-wrapper vce\" id=\"el-207bda65\" data-vce-do-apply=\"all el-207bda65\"><p style=\"text-align: center;\"><span style=\"font-family: 'arial black', sans-serif; font-size: 18pt; color: #ffffff;\">GALER\u00cdA<\/span><\/p><\/div><\/div><div class=\"vce-image-gallery vce-image-gallery--gap-8 vce-image-gallery--columns-3\"><div class=\"vce-image-gallery-wrapper vce\" id=\"el-996da860\" data-vce-do-apply=\"all el-996da860\"><div class=\"vce-image-gallery-list\"><div class=\"vce-image-gallery-item\"><figure class=\"vce-image-gallery-item-inner-wrapper\"><a href=\"https:\/\/www.evenpro.com\/wp-content\/uploads\/2024\/08\/5g.jpg\" data-lightbox=\"lightbox-996da860\" class=\"vce-image-gallery-item-inner\"><img decoding=\"async\" class=\"vce-image-gallery-img\" src=\"https:\/\/www.evenpro.com\/wp-content\/uploads\/2024\/08\/5g-1024x686.jpg\" alt=\"\" title=\"5g\"><\/a><\/figure><\/div><div class=\"vce-image-gallery-item\"><figure class=\"vce-image-gallery-item-inner-wrapper\"><a href=\"https:\/\/www.evenpro.com\/wp-content\/uploads\/2024\/08\/14_0025-3-1.jpg\" data-lightbox=\"lightbox-996da860\" class=\"vce-image-gallery-item-inner\"><img decoding=\"async\" class=\"vce-image-gallery-img\" src=\"https:\/\/www.evenpro.com\/wp-content\/uploads\/2024\/08\/14_0025-3-1-1024x683.jpg\" alt=\"\" title=\"Autosave-File vom d-lab2\/3 der AgfaPhoto GmbH\"><\/a><\/figure><\/div><div class=\"vce-image-gallery-item\"><figure class=\"vce-image-gallery-item-inner-wrapper\"><a href=\"https:\/\/www.evenpro.com\/wp-content\/uploads\/2024\/08\/2g.jpg\" data-lightbox=\"lightbox-996da860\" class=\"vce-image-gallery-item-inner\"><img decoding=\"async\" class=\"vce-image-gallery-img\" src=\"https:\/\/www.evenpro.com\/wp-content\/uploads\/2024\/08\/2g-1024x686.jpg\" alt=\"\" title=\"2g\"><\/a><\/figure><\/div><div class=\"vce-image-gallery-item\"><figure class=\"vce-image-gallery-item-inner-wrapper\"><a href=\"https:\/\/www.evenpro.com\/wp-content\/uploads\/2024\/08\/6g.jpg\" data-lightbox=\"lightbox-996da860\" class=\"vce-image-gallery-item-inner\"><img decoding=\"async\" class=\"vce-image-gallery-img\" src=\"https:\/\/www.evenpro.com\/wp-content\/uploads\/2024\/08\/6g-1024x686.jpg\" alt=\"\" title=\"6g\"><\/a><\/figure><\/div><div class=\"vce-image-gallery-item\"><figure class=\"vce-image-gallery-item-inner-wrapper\"><a href=\"https:\/\/www.evenpro.com\/wp-content\/uploads\/2024\/08\/7g.jpg\" data-lightbox=\"lightbox-996da860\" class=\"vce-image-gallery-item-inner\"><img decoding=\"async\" class=\"vce-image-gallery-img\" src=\"https:\/\/www.evenpro.com\/wp-content\/uploads\/2024\/08\/7g-1024x686.jpg\" alt=\"\" title=\"7g\"><\/a><\/figure><\/div><div class=\"vce-image-gallery-item\"><figure class=\"vce-image-gallery-item-inner-wrapper\"><a href=\"https:\/\/www.evenpro.com\/wp-content\/uploads\/2024\/08\/9g.jpg\" data-lightbox=\"lightbox-996da860\" class=\"vce-image-gallery-item-inner\"><img decoding=\"async\" class=\"vce-image-gallery-img\" src=\"https:\/\/www.evenpro.com\/wp-content\/uploads\/2024\/08\/9g-1024x686.jpg\" alt=\"\" title=\"9g\"><\/a><\/figure><\/div><div class=\"vce-image-gallery-item\"><figure class=\"vce-image-gallery-item-inner-wrapper\"><a href=\"https:\/\/www.evenpro.com\/wp-content\/uploads\/2024\/08\/10g.jpg\" data-lightbox=\"lightbox-996da860\" class=\"vce-image-gallery-item-inner\"><img decoding=\"async\" class=\"vce-image-gallery-img\" src=\"https:\/\/www.evenpro.com\/wp-content\/uploads\/2024\/08\/10g-1024x686.jpg\" alt=\"\" title=\"10g\"><\/a><\/figure><\/div><div class=\"vce-image-gallery-item\"><figure class=\"vce-image-gallery-item-inner-wrapper\"><a href=\"https:\/\/www.evenpro.com\/wp-content\/uploads\/2024\/08\/11g.jpg\" data-lightbox=\"lightbox-996da860\" class=\"vce-image-gallery-item-inner\"><img decoding=\"async\" class=\"vce-image-gallery-img\" src=\"https:\/\/www.evenpro.com\/wp-content\/uploads\/2024\/08\/11g-1024x686.jpg\" alt=\"\" title=\"11g\"><\/a><\/figure><\/div><div class=\"vce-image-gallery-item\"><figure class=\"vce-image-gallery-item-inner-wrapper\"><a href=\"https:\/\/www.evenpro.com\/wp-content\/uploads\/2024\/10\/WhatsApp-Image-2024-10-01-at-1.46.47-PM.jpeg\" data-lightbox=\"lightbox-996da860\" class=\"vce-image-gallery-item-inner\"><img decoding=\"async\" class=\"vce-image-gallery-img\" src=\"https:\/\/www.evenpro.com\/wp-content\/uploads\/2024\/10\/WhatsApp-Image-2024-10-01-at-1.46.47-PM-1024x682.jpeg\" alt=\"\" title=\"WhatsApp Image 2024-10-01 at 1.46.47 PM\"><\/a><\/figure><\/div><\/div><\/div><\/div><\/div><\/div><\/div><\/div><\/div><\/div><div class=\"vce-row-container\"><div class=\"vce-row vce-row--col-gap-30 vce-row-equal-height vce-row-content--top\" data-vce-full-width=\"true\" data-vce-stretch-content=\"true\" id=\"el-5ff98d81\" data-vce-do-apply=\"all el-5ff98d81\"><div class=\"vce-row-content\" data-vce-element-content=\"true\"><div class=\"vce-col vce-col--md-auto vce-col--xs-1 vce-col--xs-last vce-col--xs-first vce-col--sm-last vce-col--sm-first vce-col--md-last vce-col--lg-last vce-col--xl-last vce-col--md-first vce-col--lg-first vce-col--xl-first\" id=\"el-836ede31\"><div class=\"vce-col-inner\" data-vce-do-apply=\"border margin background  el-836ede31\"><div class=\"vce-col-content\" data-vce-element-content=\"true\" data-vce-do-apply=\"padding el-836ede31\"><div class=\"vcv-row-control-wrapper\"><\/div><\/div><\/div><\/div><\/div><\/div><\/div>","protected":false},"excerpt":{"rendered":"<p>&nbsp; HISTORIAHISTORIA&nbsp; Fundada en 1984 por Santiago Otero como una empresa orientada a la organizaci\u00f3n y producci\u00f3n de espect\u00e1culos.&nbsp; Fundada [&hellip;]<\/p>\n","protected":false},"author":2,"featured_media":0,"parent":0,"menu_order":0,"comment_status":"closed","ping_status":"closed","template":"","meta":{"site-sidebar-layout":"default","site-content-layout":"","ast-site-content-layout":"","site-content-style":"default","site-sidebar-style":"default","ast-global-header-display":"","ast-banner-title-visibility":"","ast-main-header-display":"","ast-hfb-above-header-display":"","ast-hfb-below-header-display":"","ast-hfb-mobile-header-display":"","site-post-title":"","ast-breadcrumbs-content":"","ast-featured-img":"","footer-sml-layout":"","theme-transparent-header-meta":"","adv-header-id-meta":"","stick-header-meta":"","header-above-stick-meta":"","header-main-stick-meta":"","header-below-stick-meta":"","astra-migrate-meta-layouts":"default","ast-page-background-enabled":"default","ast-page-background-meta":{"desktop":{"background-color":"var(--ast-global-color-4)","background-image":"","background-repeat":"repeat","background-position":"center center","background-size":"auto","background-attachment":"scroll","background-type":"","background-media":"","overlay-type":"","overlay-color":"","overlay-opacity":"","overlay-gradient":""},"tablet":{"background-color":"","background-image":"","background-repeat":"repeat","background-position":"center center","background-size":"auto","background-attachment":"scroll","background-type":"","background-media":"","overlay-type":"","overlay-color":"","overlay-opacity":"","overlay-gradient":""},"mobile":{"background-color":"","background-image":"","background-repeat":"repeat","background-position":"center center","background-size":"auto","background-attachment":"scroll","background-type":"","background-media":"","overlay-type":"","overlay-color":"","overlay-opacity":"","overlay-gradient":""}},"ast-content-background-meta":{"desktop":{"background-color":"var(--ast-global-color-5)","background-image":"","background-repeat":"repeat","background-position":"center center","background-size":"auto","background-attachment":"scroll","background-type":"","background-media":"","overlay-type":"","overlay-color":"","overlay-opacity":"","overlay-gradient":""},"tablet":{"background-color":"var(--ast-global-color-5)","background-image":"","background-repeat":"repeat","background-position":"center center","background-size":"auto","background-attachment":"scroll","background-type":"","background-media":"","overlay-type":"","overlay-color":"","overlay-opacity":"","overlay-gradient":""},"mobile":{"background-color":"var(--ast-global-color-5)","background-image":"","background-repeat":"repeat","background-position":"center center","background-size":"auto","background-attachment":"scroll","background-type":"","background-media":"","overlay-type":"","overlay-color":"","overlay-opacity":"","overlay-gradient":""}},"footnotes":""},"class_list":["post-1445","page","type-page","status-publish","hentry"],"_links":{"self":[{"href":"https:\/\/www.evenpro.com\/index.php?rest_route=\/wp\/v2\/pages\/1445","targetHints":{"allow":["GET"]}}],"collection":[{"href":"https:\/\/www.evenpro.com\/index.php?rest_route=\/wp\/v2\/pages"}],"about":[{"href":"https:\/\/www.evenpro.com\/index.php?rest_route=\/wp\/v2\/types\/page"}],"author":[{"embeddable":true,"href":"https:\/\/www.evenpro.com\/index.php?rest_route=\/wp\/v2\/users\/2"}],"replies":[{"embeddable":true,"href":"https:\/\/www.evenpro.com\/index.php?rest_route=%2Fwp%2Fv2%2Fcomments&post=1445"}],"version-history":[{"count":62,"href":"https:\/\/www.evenpro.com\/index.php?rest_route=\/wp\/v2\/pages\/1445\/revisions"}],"predecessor-version":[{"id":1957,"href":"https:\/\/www.evenpro.com\/index.php?rest_route=\/wp\/v2\/pages\/1445\/revisions\/1957"}],"wp:attachment":[{"href":"https:\/\/www.evenpro.com\/index.php?rest_route=%2Fwp%2Fv2%2Fmedia&parent=1445"}],"curies":[{"name":"wp","href":"https:\/\/api.w.org\/{rel}","templated":true}]}}